{"id":4567,"date":"2024-01-26T07:57:23","date_gmt":"2024-01-26T07:57:23","guid":{"rendered":"https:\/\/www.tuathi.nl\/?page_id=4567"},"modified":"2024-02-13T09:18:51","modified_gmt":"2024-02-13T09:18:51","slug":"informatie-voor-ouders","status":"publish","type":"page","link":"https:\/\/www.tuathi.nl\/?page_id=4567","title":{"rendered":"Informatie voor ouders"},"content":{"rendered":"\n<div class=\"wp-block-cover alignwide is-light has-custom-content-position is-position-bottom-center\" style=\"min-height:288px;aspect-ratio:unset;\"><span aria-hidden=\"true\" class=\"wp-block-cover__background has-background-dim\" style=\"background-color:#676f66\"><\/span><img data-recalc-dims=\"1\" fetchpriority=\"high\" decoding=\"async\" width=\"853\" height=\"678\" data-attachment-id=\"3229\" data-permalink=\"https:\/\/www.tuathi.nl\/?attachment_id=3229\" data-orig-file=\"https:\/\/i0.wp.com\/www.tuathi.nl\/wp-content\/uploads\/2023\/08\/child-3193445_1280-e1706187046375.jpg?fit=853%2C678&amp;ssl=1\" data-orig-size=\"853,678\" data-comments-opened=\"0\" data-image-meta=\"{&quot;aperture&quot;:&quot;0&quot;,&quot;credit&quot;:&quot;&quot;,&quot;camera&quot;:&quot;&quot;,&quot;caption&quot;:&quot;&quot;,&quot;created_timestamp&quot;:&quot;0&quot;,&quot;copyright&quot;:&quot;&quot;,&quot;focal_length&quot;:&quot;0&quot;,&quot;iso&quot;:&quot;0&quot;,&quot;shutter_speed&quot;:&quot;0&quot;,&quot;title&quot;:&quot;&quot;,&quot;orientation&quot;:&quot;0&quot;}\" data-image-title=\"child-3193445_1280\" data-image-description=\"\" data-image-caption=\"\" data-large-file=\"https:\/\/i0.wp.com\/www.tuathi.nl\/wp-content\/uploads\/2023\/08\/child-3193445_1280-e1706187046375.jpg?fit=853%2C678&amp;ssl=1\" class=\"wp-block-cover__image-background wp-image-3229\" alt=\"\" src=\"https:\/\/i0.wp.com\/www.tuathi.nl\/wp-content\/uploads\/2023\/08\/child-3193445_1280-e1706187046375.jpg?resize=853%2C678&#038;ssl=1\" style=\"object-position:52% 46%\" data-object-fit=\"cover\" data-object-position=\"52% 46%\" srcset=\"https:\/\/i0.wp.com\/www.tuathi.nl\/wp-content\/uploads\/2023\/08\/child-3193445_1280-e1706187046375.jpg?w=853&amp;ssl=1 853w, https:\/\/i0.wp.com\/www.tuathi.nl\/wp-content\/uploads\/2023\/08\/child-3193445_1280-e1706187046375.jpg?resize=300%2C238&amp;ssl=1 300w, https:\/\/i0.wp.com\/www.tuathi.nl\/wp-content\/uploads\/2023\/08\/child-3193445_1280-e1706187046375.jpg?resize=768%2C610&amp;ssl=1 768w, https:\/\/i0.wp.com\/www.tuathi.nl\/wp-content\/uploads\/2023\/08\/child-3193445_1280-e1706187046375.jpg?resize=570%2C453&amp;ssl=1 570w\" sizes=\"(max-width: 853px) 100vw, 853px\" \/><div class=\"wp-block-cover__inner-container is-layout-flow wp-block-cover-is-layout-flow\">\n<p class=\"has-text-align-center has-white-color has-text-color has-link-color wp-elements-8b8fd33dcfd5796621949f9110f4c377 wp-block-paragraph\" style=\"font-size:20px\"><strong>Voor meer plezier en zelfvertrouwen als het om wat voor reden <\/strong><\/p>\n\n\n\n<p class=\"has-text-align-center has-white-color has-text-color has-link-color wp-elements-8d14201727f5254bbc37ab8b261dc4fd wp-block-paragraph\" style=\"font-size:20px\"><strong>even wat minder lukt om je gelukkig te voelen<\/strong><\/p>\n<\/div><\/div>\n\n\n\n<p class=\"wp-block-paragraph\">Je wil gewoon een gelukkig gezin waarin je kind gelukkig opgroeit. Je doet je uiterste best om een goede sfeer in huis te cre\u00ebren maar op \u00e9\u00e9n of andere manier loopt het niet zoals je hoopt.\u00a0<br>Luistert je kind niet altijd naar je of heb je discussies met hoogoplopende emoties? Is je kind snel boos of verdrietig en vraag je je af hoe je hem hierin kunt steunen? Houdt je kind zich niet altijd aan de regels? Of heeft je kind een ingrijpende gebeurtenis meegemaakt zoals het verlies van een dierbare of ziekte van een gezinslid?\u00a0<br><br>Dan kan begeleiding bij Praktijk Tuathi mogelijk iets betekenen voor jullie. Integratieve Kindertherapie is een kortdurende intensieve vorm van begeleiding voor kinderen van 4 tot 13 jaar die om wat voor reden last hebben van stress, angsten, sombere gevoelens of relationele problematiek tussen kind en volwassenen of met leeftijdsgenoten.\u00a0<br><br>Naast begeleiding voor jouw kind bespreken we tijdens oudercontacten het gedrag van jouw kind en jouw rol als ouder, voor welke uitdagingen jouw kind staat en daarmee ook waar jij als ouder voor staat. Samen kijken we hoe jullie als ouders conflicten en stress kunnen verminderen waardoor het voor jou en je kind thuis en op school weer fijner wordt. <\/p>\n\n\n\n<p class=\"wp-block-paragraph\">Ouders die je voor gingen kwamen in de praktijk met vragen over onderstaande thema\u2019s:&nbsp;<\/p>\n\n\n\n<ul class=\"wp-block-list\">\n<li>Huilbuien<\/li>\n\n\n\n<li>Driftbuien<\/li>\n\n\n\n<li>Slapen<\/li>\n\n\n\n<li>Eten<\/li>\n\n\n\n<li>Zindelijkheid<\/li>\n\n\n\n<li>Ongehoorzaam gedrag<\/li>\n\n\n\n<li>Impulsief gedrag<\/li>\n\n\n\n<li>Angstig gedrag<\/li>\n<\/ul>\n\n\n\n<div style=\"height:27px\" aria-hidden=\"true\" class=\"wp-block-spacer\"><\/div>\n\n\n\n<hr class=\"wp-block-separator has-alpha-channel-opacity\"\/>\n\n\n\n<div class=\"wp-block-columns is-layout-flex wp-container-core-columns-is-layout-8f761849 wp-block-columns-is-layout-flex\">\n<div class=\"wp-block-column has-black-color has-text-color is-layout-flow wp-block-column-is-layout-flow\" style=\"font-size:16px\">\n<h4 class=\"wp-block-heading has-text-color has-link-color wp-elements-e382148c46a86df826415c016d33b142\" style=\"color:#77b66d;font-size:20px\"><strong>Informatie<\/strong><\/h4>\n\n\n\n<p class=\"has-black-color has-text-color has-link-color wp-elements-348a6d2a1b83c52b8817a89ed6c57185 wp-block-paragraph\" style=\"font-size:18px\">\u2002<a href=\"https:\/\/www.tuathi.nl\/?page_id=4701\">Voor kinderen<\/a><\/p>\n\n\n\n<p class=\"has-black-color has-text-color has-link-color wp-elements-68073002150480b8eeed7eb77c770336 wp-block-paragraph\" style=\"font-size:18px\">\u2002<a href=\"https:\/\/www.tuathi.nl\/?page_id=4567\">Voor ouders<\/a><\/p>\n\n\n\n<p class=\"has-black-color has-text-color has-link-color wp-elements-7f5d1327d2d88b7b16e201f9587811ea wp-block-paragraph\" style=\"font-size:18px\">\u2002<a href=\"https:\/\/www.tuathi.nl\/?page_id=4571\">Voor professionals<\/a><\/p>\n<\/div>\n\n\n\n<div class=\"wp-block-column has-black-color has-text-color is-layout-flow wp-block-column-is-layout-flow\" style=\"font-size:16px\">\n<h4 class=\"wp-block-heading has-text-color has-link-color wp-elements-9aeebece911996cf9680e720f22b3cf6\" style=\"color:#77b66d;font-size:20px\"><strong>Kindertherapie<\/strong><\/h4>\n\n\n\n<p class=\"has-black-color has-text-color has-link-color wp-elements-623c545ffda0cc3a5512e2b3a8e36e9b wp-block-paragraph\" style=\"font-size:18px\">\u2002<a href=\"https:\/\/www.tuathi.nl\/?page_id=4848\">Werkwijze<\/a><\/p>\n\n\n\n<p class=\"has-black-color has-text-color has-link-color wp-elements-0bd0a908648f2f9cc2ee5a436572b76c wp-block-paragraph\" style=\"font-size:18px\">\u2002<a href=\"https:\/\/www.tuathi.nl\/?page_id=4707\">Behandelovereenkomst<\/a><\/p>\n\n\n\n<p class=\"has-black-color has-text-color has-link-color wp-elements-6e22956e07cd86345475d9e51baf8534 wp-block-paragraph\" style=\"font-size:18px\">\u2002<a href=\"https:\/\/www.tuathi.nl\/?page_id=4717#TariefKinder\">Tarieven<\/a><\/p>\n\n\n\n<p class=\"has-black-color has-text-color has-link-color wp-elements-3ba19932839538bd958feabdfbe85c85 wp-block-paragraph\" style=\"font-size:18px\">\u2002<\/p>\n<\/div>\n\n\n\n<div class=\"wp-block-column is-layout-flow wp-block-column-is-layout-flow\" style=\"font-size:16px\">\n<h4 class=\"wp-block-heading has-text-color has-link-color wp-elements-ebecb0b28316aa6c0ab95f8227ac3fed\" style=\"color:#77b66d;font-size:20px\"><strong>Training &amp; Advies<\/strong><\/h4>\n\n\n\n<p class=\"has-black-color has-text-color has-link-color wp-elements-5a324d7c92307d380db4fa7852ab34ce wp-block-paragraph\" style=\"font-size:18px\">\u2002<a href=\"https:\/\/www.tuathi.nl\/?page_id=4571#Trainingen\">Trainingen<\/a><\/p>\n\n\n\n<p class=\"has-black-color has-text-color has-link-color wp-elements-5cddc92c788772b944e25c9980154908 wp-block-paragraph\" style=\"font-size:18px\">\u2002<a href=\"https:\/\/www.tuathi.nl\/?page_id=4717#TariefTraining\">Tarieven<\/a><\/p>\n\n\n\n<p class=\"has-black-color has-text-color has-link-color wp-elements-3e59eaf400c539d9c76c41c9cb067b20 wp-block-paragraph\" style=\"font-size:18px\">\u2002<a href=\"https:\/\/www.tuathi.nl\/?page_id=1107\">Voorwaarden<\/a><\/p>\n<\/div>\n\n\n\n<div class=\"wp-block-column is-layout-flow wp-block-column-is-layout-flow\" style=\"font-size:16px\">\n<h4 class=\"wp-block-heading has-text-color has-link-color wp-elements-f5b477bf363d0f45db290ce99815db35\" style=\"color:#77b66d;font-size:20px\"><strong>Tuathi.nl<\/strong><\/h4>\n\n\n\n<p class=\"has-black-color has-text-color has-link-color wp-elements-860b692e7849ecc06d82bbceaf72ac9b wp-block-paragraph\" style=\"font-size:18px\">\u2002<a color=\"#000000\" href=\"https:\/\/www.Tuathi.nl\/\">Home<\/a><\/p>\n\n\n\n<p class=\"has-black-color has-text-color has-link-color wp-elements-e59509a7d7a6fa9ee837f97887472263 wp-block-paragraph\" style=\"font-size:18px\">\u2002<a href=\"https:\/\/www.tuathi.nl\/?page_id=4648\">Over mij<\/a><\/p>\n\n\n\n<p class=\"has-black-color has-text-color has-link-color wp-elements-9ace7e99a600a1296e2c3bf2b136914d wp-block-paragraph\" style=\"font-size:18px\">\u2002<a href=\"https:\/\/www.tuathi.nl\/?page_id=4705\">Praktijkruimte<\/a><\/p>\n\n\n\n<p class=\"has-black-color has-text-color has-link-color wp-elements-45b25f0d8adde0f6c1bbf8602d6ed77f wp-block-paragraph\" style=\"font-size:18px\">\u2002<a href=\"https:\/\/www.tuathi.nl\/?page_id=4688\">Anderen zeggen<\/a><\/p>\n\n\n\n<p class=\"has-black-color has-text-color has-link-color wp-elements-e3ffd1c65d156ed3145fa27ec4ffff98 wp-block-paragraph\" style=\"font-size:18px\">\u2002<a href=\"https:\/\/www.tuathi.nl\/?page_id=4690\">Contact<\/a><\/p>\n<\/div>\n<\/div>\n","protected":false},"excerpt":{"rendered":"<p>Je wil gewoon een gelukkig gezin waarin je kind gelukkig opgroeit. Je doet je uiterste best om een goede sfeer in huis te cre\u00ebren maar op \u00e9\u00e9n of andere manier loopt het niet zoals je hoopt.\u00a0Luistert je kind niet altijd naar je of heb je discussies met hoogoplopende emoties? Is je kind snel boos of [&hellip;]<\/p>\n","protected":false},"author":3691,"featured_media":0,"parent":0,"menu_order":0,"comment_status":"closed","ping_status":"closed","template":"","meta":{"_crdt_document":"","footnotes":""},"class_list":["post-4567","page","type-page","status-publish","czr-hentry"],"yoast_head":"<!-- This site is optimized with the Yoast SEO plugin v27.5 - https:\/\/yoast.com\/product\/yoast-seo-wordpress\/ -->\n<title>Informatie voor ouders - Praktijk Tuathi<\/title>\n<meta name=\"description\" content=\"Praktijk Tuathi Informatie voor ouders - Integratieve Kinder Counseling - Integratieve Kinder Coaching - Integratieve Kinder Therapie - Breda - Noord Brabant - Integratief - Kindercoach - Kindercounselor - Kindertherapeut - Specialist -\" \/>\n<meta name=\"robots\" content=\"index, follow, max-snippet:-1, max-image-preview:large, max-video-preview:-1\" \/>\n<link rel=\"canonical\" href=\"https:\/\/www.tuathi.nl\/?page_id=4567\" \/>\n<meta property=\"og:locale\" content=\"en_US\" \/>\n<meta property=\"og:type\" content=\"article\" \/>\n<meta property=\"og:title\" content=\"Informatie voor ouders - Praktijk Tuathi\" \/>\n<meta property=\"og:description\" content=\"Praktijk Tuathi Informatie voor ouders - Integratieve Kinder Counseling - Integratieve Kinder Coaching - Integratieve Kinder Therapie - Breda - Noord Brabant - Integratief - Kindercoach - Kindercounselor - Kindertherapeut - Specialist -\" \/>\n<meta property=\"og:url\" content=\"https:\/\/www.tuathi.nl\/?page_id=4567\" \/>\n<meta property=\"og:site_name\" content=\"Praktijk Tuathi\" \/>\n<meta property=\"article:modified_time\" content=\"2024-02-13T09:18:51+00:00\" \/>\n<meta property=\"og:image\" content=\"https:\/\/www.tuathi.nl\/wp-content\/uploads\/2023\/08\/child-3193445_1280-e1706187046375.jpg\" \/>\n<meta name=\"twitter:card\" content=\"summary_large_image\" \/>\n<meta name=\"twitter:label1\" content=\"Est. reading time\" \/>\n\t<meta name=\"twitter:data1\" content=\"2 minutes\" \/>\n<script type=\"application\/ld+json\" class=\"yoast-schema-graph\">{\"@context\":\"https:\\\/\\\/schema.org\",\"@graph\":[{\"@type\":\"WebPage\",\"@id\":\"https:\\\/\\\/www.tuathi.nl\\\/?page_id=4567\",\"url\":\"https:\\\/\\\/www.tuathi.nl\\\/?page_id=4567\",\"name\":\"Informatie voor ouders - Praktijk Tuathi\",\"isPartOf\":{\"@id\":\"https:\\\/\\\/www.tuathi.nl\\\/#website\"},\"primaryImageOfPage\":{\"@id\":\"https:\\\/\\\/www.tuathi.nl\\\/?page_id=4567#primaryimage\"},\"image\":{\"@id\":\"https:\\\/\\\/www.tuathi.nl\\\/?page_id=4567#primaryimage\"},\"thumbnailUrl\":\"https:\\\/\\\/www.tuathi.nl\\\/wp-content\\\/uploads\\\/2023\\\/08\\\/child-3193445_1280-e1706187046375.jpg\",\"datePublished\":\"2024-01-26T07:57:23+00:00\",\"dateModified\":\"2024-02-13T09:18:51+00:00\",\"description\":\"Praktijk Tuathi Informatie voor ouders - Integratieve Kinder Counseling - Integratieve Kinder Coaching - Integratieve Kinder Therapie - Breda - Noord Brabant - Integratief - Kindercoach - Kindercounselor - Kindertherapeut - Specialist -\",\"breadcrumb\":{\"@id\":\"https:\\\/\\\/www.tuathi.nl\\\/?page_id=4567#breadcrumb\"},\"inLanguage\":\"en-US\",\"potentialAction\":[{\"@type\":\"ReadAction\",\"target\":[\"https:\\\/\\\/www.tuathi.nl\\\/?page_id=4567\"]}]},{\"@type\":\"ImageObject\",\"inLanguage\":\"en-US\",\"@id\":\"https:\\\/\\\/www.tuathi.nl\\\/?page_id=4567#primaryimage\",\"url\":\"https:\\\/\\\/i0.wp.com\\\/www.tuathi.nl\\\/wp-content\\\/uploads\\\/2023\\\/08\\\/child-3193445_1280-e1706187046375.jpg?fit=853%2C678&ssl=1\",\"contentUrl\":\"https:\\\/\\\/i0.wp.com\\\/www.tuathi.nl\\\/wp-content\\\/uploads\\\/2023\\\/08\\\/child-3193445_1280-e1706187046375.jpg?fit=853%2C678&ssl=1\",\"width\":853,\"height\":678},{\"@type\":\"BreadcrumbList\",\"@id\":\"https:\\\/\\\/www.tuathi.nl\\\/?page_id=4567#breadcrumb\",\"itemListElement\":[{\"@type\":\"ListItem\",\"position\":1,\"name\":\"Home\",\"item\":\"https:\\\/\\\/www.tuathi.nl\\\/\"},{\"@type\":\"ListItem\",\"position\":2,\"name\":\"Informatie voor ouders\"}]},{\"@type\":\"WebSite\",\"@id\":\"https:\\\/\\\/www.tuathi.nl\\\/#website\",\"url\":\"https:\\\/\\\/www.tuathi.nl\\\/\",\"name\":\"Praktijk Tuathi\",\"description\":\"Integratieve kindertherapie en counseling\",\"publisher\":{\"@id\":\"https:\\\/\\\/www.tuathi.nl\\\/#organization\"},\"potentialAction\":[{\"@type\":\"SearchAction\",\"target\":{\"@type\":\"EntryPoint\",\"urlTemplate\":\"https:\\\/\\\/www.tuathi.nl\\\/?s={search_term_string}\"},\"query-input\":{\"@type\":\"PropertyValueSpecification\",\"valueRequired\":true,\"valueName\":\"search_term_string\"}}],\"inLanguage\":\"en-US\"},{\"@type\":\"Organization\",\"@id\":\"https:\\\/\\\/www.tuathi.nl\\\/#organization\",\"name\":\"Tuathi | Opgroeien met zelfinzicht en zelfvertrouwen | KinderCounseling en KinderCoaching\",\"url\":\"https:\\\/\\\/www.tuathi.nl\\\/\",\"logo\":{\"@type\":\"ImageObject\",\"inLanguage\":\"en-US\",\"@id\":\"https:\\\/\\\/www.tuathi.nl\\\/#\\\/schema\\\/logo\\\/image\\\/\",\"url\":\"https:\\\/\\\/i0.wp.com\\\/www.tuathi.nl\\\/wp-content\\\/uploads\\\/2019\\\/11\\\/logo-Tuathi.png-site.png?fit=795%2C274&ssl=1\",\"contentUrl\":\"https:\\\/\\\/i0.wp.com\\\/www.tuathi.nl\\\/wp-content\\\/uploads\\\/2019\\\/11\\\/logo-Tuathi.png-site.png?fit=795%2C274&ssl=1\",\"width\":795,\"height\":274,\"caption\":\"Tuathi | Opgroeien met zelfinzicht en zelfvertrouwen | KinderCounseling en KinderCoaching\"},\"image\":{\"@id\":\"https:\\\/\\\/www.tuathi.nl\\\/#\\\/schema\\\/logo\\\/image\\\/\"}}]}<\/script>\n<!-- \/ Yoast SEO plugin. -->","yoast_head_json":{"title":"Informatie voor ouders - Praktijk Tuathi","description":"Praktijk Tuathi Informatie voor ouders - Integratieve Kinder Counseling - Integratieve Kinder Coaching - Integratieve Kinder Therapie - Breda - Noord Brabant - Integratief - Kindercoach - Kindercounselor - Kindertherapeut - Specialist -","robots":{"index":"index","follow":"follow","max-snippet":"max-snippet:-1","max-image-preview":"max-image-preview:large","max-video-preview":"max-video-preview:-1"},"canonical":"https:\/\/www.tuathi.nl\/?page_id=4567","og_locale":"en_US","og_type":"article","og_title":"Informatie voor ouders - Praktijk Tuathi","og_description":"Praktijk Tuathi Informatie voor ouders - Integratieve Kinder Counseling - Integratieve Kinder Coaching - Integratieve Kinder Therapie - Breda - Noord Brabant - Integratief - Kindercoach - Kindercounselor - Kindertherapeut - Specialist -","og_url":"https:\/\/www.tuathi.nl\/?page_id=4567","og_site_name":"Praktijk Tuathi","article_modified_time":"2024-02-13T09:18:51+00:00","og_image":[{"url":"https:\/\/www.tuathi.nl\/wp-content\/uploads\/2023\/08\/child-3193445_1280-e1706187046375.jpg","type":"","width":"","height":""}],"twitter_card":"summary_large_image","twitter_misc":{"Est. reading time":"2 minutes"},"schema":{"@context":"https:\/\/schema.org","@graph":[{"@type":"WebPage","@id":"https:\/\/www.tuathi.nl\/?page_id=4567","url":"https:\/\/www.tuathi.nl\/?page_id=4567","name":"Informatie voor ouders - Praktijk Tuathi","isPartOf":{"@id":"https:\/\/www.tuathi.nl\/#website"},"primaryImageOfPage":{"@id":"https:\/\/www.tuathi.nl\/?page_id=4567#primaryimage"},"image":{"@id":"https:\/\/www.tuathi.nl\/?page_id=4567#primaryimage"},"thumbnailUrl":"https:\/\/www.tuathi.nl\/wp-content\/uploads\/2023\/08\/child-3193445_1280-e1706187046375.jpg","datePublished":"2024-01-26T07:57:23+00:00","dateModified":"2024-02-13T09:18:51+00:00","description":"Praktijk Tuathi Informatie voor ouders - Integratieve Kinder Counseling - Integratieve Kinder Coaching - Integratieve Kinder Therapie - Breda - Noord Brabant - Integratief - Kindercoach - Kindercounselor - Kindertherapeut - Specialist -","breadcrumb":{"@id":"https:\/\/www.tuathi.nl\/?page_id=4567#breadcrumb"},"inLanguage":"en-US","potentialAction":[{"@type":"ReadAction","target":["https:\/\/www.tuathi.nl\/?page_id=4567"]}]},{"@type":"ImageObject","inLanguage":"en-US","@id":"https:\/\/www.tuathi.nl\/?page_id=4567#primaryimage","url":"https:\/\/i0.wp.com\/www.tuathi.nl\/wp-content\/uploads\/2023\/08\/child-3193445_1280-e1706187046375.jpg?fit=853%2C678&ssl=1","contentUrl":"https:\/\/i0.wp.com\/www.tuathi.nl\/wp-content\/uploads\/2023\/08\/child-3193445_1280-e1706187046375.jpg?fit=853%2C678&ssl=1","width":853,"height":678},{"@type":"BreadcrumbList","@id":"https:\/\/www.tuathi.nl\/?page_id=4567#breadcrumb","itemListElement":[{"@type":"ListItem","position":1,"name":"Home","item":"https:\/\/www.tuathi.nl\/"},{"@type":"ListItem","position":2,"name":"Informatie voor ouders"}]},{"@type":"WebSite","@id":"https:\/\/www.tuathi.nl\/#website","url":"https:\/\/www.tuathi.nl\/","name":"Praktijk Tuathi","description":"Integratieve kindertherapie en counseling","publisher":{"@id":"https:\/\/www.tuathi.nl\/#organization"},"potentialAction":[{"@type":"SearchAction","target":{"@type":"EntryPoint","urlTemplate":"https:\/\/www.tuathi.nl\/?s={search_term_string}"},"query-input":{"@type":"PropertyValueSpecification","valueRequired":true,"valueName":"search_term_string"}}],"inLanguage":"en-US"},{"@type":"Organization","@id":"https:\/\/www.tuathi.nl\/#organization","name":"Tuathi | Opgroeien met zelfinzicht en zelfvertrouwen | KinderCounseling en KinderCoaching","url":"https:\/\/www.tuathi.nl\/","logo":{"@type":"ImageObject","inLanguage":"en-US","@id":"https:\/\/www.tuathi.nl\/#\/schema\/logo\/image\/","url":"https:\/\/i0.wp.com\/www.tuathi.nl\/wp-content\/uploads\/2019\/11\/logo-Tuathi.png-site.png?fit=795%2C274&ssl=1","contentUrl":"https:\/\/i0.wp.com\/www.tuathi.nl\/wp-content\/uploads\/2019\/11\/logo-Tuathi.png-site.png?fit=795%2C274&ssl=1","width":795,"height":274,"caption":"Tuathi | Opgroeien met zelfinzicht en zelfvertrouwen | KinderCounseling en KinderCoaching"},"image":{"@id":"https:\/\/www.tuathi.nl\/#\/schema\/logo\/image\/"}}]}},"jetpack_shortlink":"https:\/\/wp.me\/PalW0Q-1bF","jetpack_sharing_enabled":true,"_links":{"self":[{"href":"https:\/\/www.tuathi.nl\/index.php?rest_route=\/wp\/v2\/pages\/4567","targetHints":{"allow":["GET"]}}],"collection":[{"href":"https:\/\/www.tuathi.nl\/index.php?rest_route=\/wp\/v2\/pages"}],"about":[{"href":"https:\/\/www.tuathi.nl\/index.php?rest_route=\/wp\/v2\/types\/page"}],"author":[{"embeddable":true,"href":"https:\/\/www.tuathi.nl\/index.php?rest_route=\/wp\/v2\/users\/3691"}],"replies":[{"embeddable":true,"href":"https:\/\/www.tuathi.nl\/index.php?rest_route=%2Fwp%2Fv2%2Fcomments&post=4567"}],"version-history":[{"count":11,"href":"https:\/\/www.tuathi.nl\/index.php?rest_route=\/wp\/v2\/pages\/4567\/revisions"}],"predecessor-version":[{"id":5025,"href":"https:\/\/www.tuathi.nl\/index.php?rest_route=\/wp\/v2\/pages\/4567\/revisions\/5025"}],"wp:attachment":[{"href":"https:\/\/www.tuathi.nl\/index.php?rest_route=%2Fwp%2Fv2%2Fmedia&parent=4567"}],"curies":[{"name":"wp","href":"https:\/\/api.w.org\/{rel}","templated":true}]}}